{"id":6413,"date":"2026-02-01T17:25:49","date_gmt":"2026-02-01T16:25:49","guid":{"rendered":"https:\/\/www.herzinger.at\/shop\/?post_type=product&#038;p=6413"},"modified":"2026-02-01T17:26:43","modified_gmt":"2026-02-01T16:26:43","slug":"verola","status":"publish","type":"product","link":"https:\/\/www.herzinger.at\/shop\/product\/verola\/","title":{"rendered":"Verola"},"content":{"rendered":"<p>Leicht, nat\u00fcrlich und angenehm erfrischend perfekt f\u00fcr alle, die Lust auf etwas besonderes haben.<\/p>\n<p>Ob gek\u00fchlt an hei\u00dfen Tagen, als alkoholfreie Alternative beim Ansto\u00dfen oder einfach zwischendurch.<\/p>\n<p>Ein Drink, der auff\u00e4llt im Geschmack wie im Gef\u00fchl!<\/p>\n","protected":false},"excerpt":{"rendered":"<p>Leicht, nat\u00fcrlich und angenehm erfrischend perfekt f\u00fcr alle, die Lust auf etwas besonderes haben. Ob gek\u00fchlt an hei\u00dfen Tagen, als alkoholfreie Alternative beim Ansto\u00dfen oder einfach zwischendurch. Ein Drink, der auff\u00e4llt im Geschmack wie im Gef\u00fchl!<\/p>\n","protected":false},"featured_media":6414,"comment_status":"closed","ping_status":"closed","template":"","meta":{"_acf_changed":false},"product_brand":[],"product_cat":[230,275],"product_tag":[],"class_list":{"0":"post-6413","1":"product","2":"type-product","3":"status-publish","4":"has-post-thumbnail","6":"product_cat-sonstiges","7":"product_cat-fruchtsaefte-und-nektare","9":"first","10":"instock","11":"featured","12":"taxable","13":"shipping-taxable","14":"purchasable","15":"product-type-simple"},"acf":[],"_links":{"self":[{"href":"https:\/\/www.herzinger.at\/shop\/wp-json\/wp\/v2\/product\/6413","targetHints":{"allow":["GET"]}}],"collection":[{"href":"https:\/\/www.herzinger.at\/shop\/wp-json\/wp\/v2\/product"}],"about":[{"href":"https:\/\/www.herzinger.at\/shop\/wp-json\/wp\/v2\/types\/product"}],"replies":[{"embeddable":true,"href":"https:\/\/www.herzinger.at\/shop\/wp-json\/wp\/v2\/comments?post=6413"}],"wp:featuredmedia":[{"embeddable":true,"href":"https:\/\/www.herzinger.at\/shop\/wp-json\/wp\/v2\/media\/6414"}],"wp:attachment":[{"href":"https:\/\/www.herzinger.at\/shop\/wp-json\/wp\/v2\/media?parent=6413"}],"wp:term":[{"taxonomy":"product_brand","embeddable":true,"href":"https:\/\/www.herzinger.at\/shop\/wp-json\/wp\/v2\/product_brand?post=6413"},{"taxonomy":"product_cat","embeddable":true,"href":"https:\/\/www.herzinger.at\/shop\/wp-json\/wp\/v2\/product_cat?post=6413"},{"taxonomy":"product_tag","embeddable":true,"href":"https:\/\/www.herzinger.at\/shop\/wp-json\/wp\/v2\/product_tag?post=6413"}],"curies":[{"name":"wp","href":"https:\/\/api.w.org\/{rel}","templated":true}]}}