{"id":6226,"date":"2025-01-20T11:15:35","date_gmt":"2025-01-20T10:15:35","guid":{"rendered":"https:\/\/www.herzinger.at\/shop\/?post_type=product&#038;p=6226"},"modified":"2025-10-04T15:34:32","modified_gmt":"2025-10-04T13:34:32","slug":"dirndlkonfituere","status":"publish","type":"product","link":"https:\/\/www.herzinger.at\/shop\/product\/dirndlkonfituere\/","title":{"rendered":"Dirndlkonfit\u00fcre"},"content":{"rendered":"","protected":false},"excerpt":{"rendered":"<p>\u201eDirndl\u201c oder auch Kornelkirsche genannt, ist diese optimal., z\u00e4hlt zu den seltenen Obstarten. Besonders f\u00fcr Menschen die gerne S\u00e4ure in ihrer Marmelade haben<\/p>\n","protected":false},"featured_media":6227,"comment_status":"open","ping_status":"closed","template":"","meta":{"_acf_changed":false},"product_brand":[],"product_cat":[272],"product_tag":[],"class_list":{"0":"post-6226","1":"product","2":"type-product","3":"status-publish","4":"has-post-thumbnail","6":"product_cat-konfitueren","8":"first","9":"instock","10":"taxable","11":"shipping-taxable","12":"purchasable","13":"product-type-simple"},"acf":[],"_links":{"self":[{"href":"https:\/\/www.herzinger.at\/shop\/wp-json\/wp\/v2\/product\/6226","targetHints":{"allow":["GET"]}}],"collection":[{"href":"https:\/\/www.herzinger.at\/shop\/wp-json\/wp\/v2\/product"}],"about":[{"href":"https:\/\/www.herzinger.at\/shop\/wp-json\/wp\/v2\/types\/product"}],"replies":[{"embeddable":true,"href":"https:\/\/www.herzinger.at\/shop\/wp-json\/wp\/v2\/comments?post=6226"}],"wp:featuredmedia":[{"embeddable":true,"href":"https:\/\/www.herzinger.at\/shop\/wp-json\/wp\/v2\/media\/6227"}],"wp:attachment":[{"href":"https:\/\/www.herzinger.at\/shop\/wp-json\/wp\/v2\/media?parent=6226"}],"wp:term":[{"taxonomy":"product_brand","embeddable":true,"href":"https:\/\/www.herzinger.at\/shop\/wp-json\/wp\/v2\/product_brand?post=6226"},{"taxonomy":"product_cat","embeddable":true,"href":"https:\/\/www.herzinger.at\/shop\/wp-json\/wp\/v2\/product_cat?post=6226"},{"taxonomy":"product_tag","embeddable":true,"href":"https:\/\/www.herzinger.at\/shop\/wp-json\/wp\/v2\/product_tag?post=6226"}],"curies":[{"name":"wp","href":"https:\/\/api.w.org\/{rel}","templated":true}]}}