{"id":6219,"date":"2025-01-20T10:42:27","date_gmt":"2025-01-20T09:42:27","guid":{"rendered":"https:\/\/www.herzinger.at\/shop\/?post_type=product&#038;p=6219"},"modified":"2025-06-05T15:57:45","modified_gmt":"2025-06-05T13:57:45","slug":"veltliner-sekt","status":"publish","type":"product","link":"https:\/\/www.herzinger.at\/shop\/product\/veltliner-sekt\/","title":{"rendered":"Veltliner Sekt"},"content":{"rendered":"<p>Attraktives frisches Gr\u00fcngelb, feines frisches Mousseux., gr\u00fcnapfelige Nase, sch\u00f6ne Ballance<\/p>\n","protected":false},"excerpt":{"rendered":"<p>Attraktives frisches Gr\u00fcngelb, feines frisches Mousseux., gr\u00fcnapfelige Nase, sch\u00f6ne Ballance<\/p>\n","protected":false},"featured_media":6220,"comment_status":"open","ping_status":"closed","template":"","meta":{"_acf_changed":false},"product_brand":[],"product_cat":[271],"product_tag":[],"class_list":{"0":"post-6219","1":"product","2":"type-product","3":"status-publish","4":"has-post-thumbnail","6":"product_cat-sekte","8":"first","9":"instock","10":"taxable","11":"shipping-taxable","12":"purchasable","13":"product-type-simple"},"acf":[],"_links":{"self":[{"href":"https:\/\/www.herzinger.at\/shop\/wp-json\/wp\/v2\/product\/6219","targetHints":{"allow":["GET"]}}],"collection":[{"href":"https:\/\/www.herzinger.at\/shop\/wp-json\/wp\/v2\/product"}],"about":[{"href":"https:\/\/www.herzinger.at\/shop\/wp-json\/wp\/v2\/types\/product"}],"replies":[{"embeddable":true,"href":"https:\/\/www.herzinger.at\/shop\/wp-json\/wp\/v2\/comments?post=6219"}],"wp:featuredmedia":[{"embeddable":true,"href":"https:\/\/www.herzinger.at\/shop\/wp-json\/wp\/v2\/media\/6220"}],"wp:attachment":[{"href":"https:\/\/www.herzinger.at\/shop\/wp-json\/wp\/v2\/media?parent=6219"}],"wp:term":[{"taxonomy":"product_brand","embeddable":true,"href":"https:\/\/www.herzinger.at\/shop\/wp-json\/wp\/v2\/product_brand?post=6219"},{"taxonomy":"product_cat","embeddable":true,"href":"https:\/\/www.herzinger.at\/shop\/wp-json\/wp\/v2\/product_cat?post=6219"},{"taxonomy":"product_tag","embeddable":true,"href":"https:\/\/www.herzinger.at\/shop\/wp-json\/wp\/v2\/product_tag?post=6219"}],"curies":[{"name":"wp","href":"https:\/\/api.w.org\/{rel}","templated":true}]}}