{"id":6160,"date":"2025-01-17T12:56:00","date_gmt":"2025-01-17T11:56:00","guid":{"rendered":"https:\/\/www.herzinger.at\/shop\/?post_type=product&#038;p=6160"},"modified":"2025-01-24T13:36:26","modified_gmt":"2025-01-24T12:36:26","slug":"muskat-ottonel","status":"publish","type":"product","link":"https:\/\/www.herzinger.at\/shop\/product\/muskat-ottonel\/","title":{"rendered":"Muskat Ottonel"},"content":{"rendered":"","protected":false},"excerpt":{"rendered":"<p>Helles Gelbgr\u00fcn, Holunderbl\u00fcten, zarte Muskatnuss, floral und attraktiv. Leichtf\u00fc\u00dfig, idealer Sommerwein f\u00fcr die Terrasse<\/p>\n","protected":false},"featured_media":6188,"comment_status":"open","ping_status":"closed","template":"","meta":{"_acf_changed":false},"product_brand":[],"product_cat":[269],"product_tag":[],"class_list":{"0":"post-6160","1":"product","2":"type-product","3":"status-publish","4":"has-post-thumbnail","6":"product_cat-weine","8":"first","9":"instock","10":"taxable","11":"shipping-taxable","12":"purchasable","13":"product-type-simple"},"acf":[],"_links":{"self":[{"href":"https:\/\/www.herzinger.at\/shop\/wp-json\/wp\/v2\/product\/6160","targetHints":{"allow":["GET"]}}],"collection":[{"href":"https:\/\/www.herzinger.at\/shop\/wp-json\/wp\/v2\/product"}],"about":[{"href":"https:\/\/www.herzinger.at\/shop\/wp-json\/wp\/v2\/types\/product"}],"replies":[{"embeddable":true,"href":"https:\/\/www.herzinger.at\/shop\/wp-json\/wp\/v2\/comments?post=6160"}],"wp:featuredmedia":[{"embeddable":true,"href":"https:\/\/www.herzinger.at\/shop\/wp-json\/wp\/v2\/media\/6188"}],"wp:attachment":[{"href":"https:\/\/www.herzinger.at\/shop\/wp-json\/wp\/v2\/media?parent=6160"}],"wp:term":[{"taxonomy":"product_brand","embeddable":true,"href":"https:\/\/www.herzinger.at\/shop\/wp-json\/wp\/v2\/product_brand?post=6160"},{"taxonomy":"product_cat","embeddable":true,"href":"https:\/\/www.herzinger.at\/shop\/wp-json\/wp\/v2\/product_cat?post=6160"},{"taxonomy":"product_tag","embeddable":true,"href":"https:\/\/www.herzinger.at\/shop\/wp-json\/wp\/v2\/product_tag?post=6160"}],"curies":[{"name":"wp","href":"https:\/\/api.w.org\/{rel}","templated":true}]}}