{"id":6148,"date":"2025-01-17T11:27:30","date_gmt":"2025-01-17T10:27:30","guid":{"rendered":"https:\/\/www.herzinger.at\/shop\/?post_type=product&#038;p=6148"},"modified":"2025-12-28T09:30:44","modified_gmt":"2025-12-28T08:30:44","slug":"gruener-veltliner-messwein","status":"publish","type":"product","link":"https:\/\/www.herzinger.at\/shop\/product\/gruener-veltliner-messwein\/","title":{"rendered":"Gr\u00fcner Veltliner Messwein"},"content":{"rendered":"","protected":false},"excerpt":{"rendered":"<p>duftige Bl\u00fctenfinesse-dichte Fruchtaromen mit Zitrusankl\u00e4ngen, w\u00fcrziger Abgang<\/p>\n","protected":false},"featured_media":6207,"comment_status":"open","ping_status":"closed","template":"","meta":{"_acf_changed":false},"product_brand":[],"product_cat":[269],"product_tag":[],"class_list":{"0":"post-6148","1":"product","2":"type-product","3":"status-publish","4":"has-post-thumbnail","6":"product_cat-weine","8":"first","9":"instock","10":"featured","11":"taxable","12":"shipping-taxable","13":"purchasable","14":"product-type-simple"},"acf":[],"_links":{"self":[{"href":"https:\/\/www.herzinger.at\/shop\/wp-json\/wp\/v2\/product\/6148","targetHints":{"allow":["GET"]}}],"collection":[{"href":"https:\/\/www.herzinger.at\/shop\/wp-json\/wp\/v2\/product"}],"about":[{"href":"https:\/\/www.herzinger.at\/shop\/wp-json\/wp\/v2\/types\/product"}],"replies":[{"embeddable":true,"href":"https:\/\/www.herzinger.at\/shop\/wp-json\/wp\/v2\/comments?post=6148"}],"wp:featuredmedia":[{"embeddable":true,"href":"https:\/\/www.herzinger.at\/shop\/wp-json\/wp\/v2\/media\/6207"}],"wp:attachment":[{"href":"https:\/\/www.herzinger.at\/shop\/wp-json\/wp\/v2\/media?parent=6148"}],"wp:term":[{"taxonomy":"product_brand","embeddable":true,"href":"https:\/\/www.herzinger.at\/shop\/wp-json\/wp\/v2\/product_brand?post=6148"},{"taxonomy":"product_cat","embeddable":true,"href":"https:\/\/www.herzinger.at\/shop\/wp-json\/wp\/v2\/product_cat?post=6148"},{"taxonomy":"product_tag","embeddable":true,"href":"https:\/\/www.herzinger.at\/shop\/wp-json\/wp\/v2\/product_tag?post=6148"}],"curies":[{"name":"wp","href":"https:\/\/api.w.org\/{rel}","templated":true}]}}